{"id":98,"date":"2021-02-21T23:27:03","date_gmt":"2021-02-21T23:27:03","guid":{"rendered":"http:\/\/rackservertlc.synology.me\/wordpress\/?page_id=98"},"modified":"2021-11-15T15:03:52","modified_gmt":"2021-11-15T13:03:52","slug":"contacto","status":"publish","type":"page","link":"https:\/\/www.cesyt.es\/index.php\/contacto\/","title":{"rendered":"CONTACTO"},"content":{"rendered":"\n\n\n[et_pb_section fb_built=\u00bb1&#8243; fullwidth=\u00bbon\u00bb next_background_color=\u00bb#ffffff\u00bb _builder_version=\u00bb4.9.9&#8243; _module_preset=\u00bbdefault\u00bb background_image=\u00bbhttps:\/\/cesyt.es\/wp-content\/uploads\/2021\/07\/Cab-scaled.jpg\u00bb custom_padding=\u00bb||55px|||\u00bb bottom_divider_style=\u00bbslant\u00bb da_disable_devices=\u00bboff|off|off\u00bb global_module=\u00bb395&#8243; saved_tabs=\u00bball\u00bb locked=\u00bboff\u00bb global_colors_info=\u00bb{}\u00bb min_height=\u00bb170px\u00bb da_is_popup=\u00bboff\u00bb da_exit_intent=\u00bboff\u00bb da_has_close=\u00bbon\u00bb da_alt_close=\u00bboff\u00bb da_dark_close=\u00bboff\u00bb da_not_modal=\u00bbon\u00bb da_is_singular=\u00bboff\u00bb da_with_loader=\u00bboff\u00bb da_has_shadow=\u00bbon\u00bb][\/et_pb_section][et_pb_section fb_built=\u00bb1&#8243; _builder_version=\u00bb4.9.0&#8243; _module_preset=\u00bbdefault\u00bb custom_padding=\u00bb||12px|||\u00bb da_disable_devices=\u00bboff|off|off\u00bb global_colors_info=\u00bb{}\u00bb da_is_popup=\u00bboff\u00bb da_exit_intent=\u00bboff\u00bb da_has_close=\u00bbon\u00bb da_alt_close=\u00bboff\u00bb da_dark_close=\u00bboff\u00bb da_not_modal=\u00bbon\u00bb da_is_singular=\u00bboff\u00bb da_with_loader=\u00bboff\u00bb da_has_shadow=\u00bbon\u00bb][et_pb_row _builder_version=\u00bb4.9.0&#8243; _module_preset=\u00bbdefault\u00bb global_colors_info=\u00bb{}\u00bb][et_pb_column type=\u00bb4_4&#8243; _builder_version=\u00bb4.9.0&#8243; _module_preset=\u00bbdefault\u00bb global_colors_info=\u00bb{}\u00bb][et_pb_text _builder_version=\u00bb4.9.0&#8243; _module_preset=\u00bbdefault\u00bb text_font=\u00bb|600|||||||\u00bb text_text_color=\u00bbrgba(255,255,255,0.84)\u00bb text_font_size=\u00bb32px\u00bb text_text_shadow_style=\u00bbpreset5&#8243; text_text_shadow_color=\u00bbrgba(0,0,0,0.31)\u00bb box_shadow_style=\u00bbpreset3&#8243; box_shadow_vertical=\u00bb13px\u00bb box_shadow_blur=\u00bb16px\u00bb box_shadow_spread=\u00bb-8px\u00bb box_shadow_color=\u00bbrgba(20,76,0,0.35)\u00bb global_colors_info=\u00bb{}\u00bb]<p>CONTACTO<\/p>[\/et_pb_text][\/et_pb_column][\/et_pb_row][\/et_pb_section][et_pb_section fb_built=\u00bb1&#8243; _builder_version=\u00bb4.9.11&#8243; _module_preset=\u00bbdefault\u00bb custom_padding=\u00bb41px|||||\u00bb da_disable_devices=\u00bboff|off|off\u00bb global_colors_info=\u00bb{}\u00bb da_is_popup=\u00bboff\u00bb da_exit_intent=\u00bboff\u00bb da_has_close=\u00bbon\u00bb da_alt_close=\u00bboff\u00bb da_dark_close=\u00bboff\u00bb da_not_modal=\u00bbon\u00bb da_is_singular=\u00bboff\u00bb da_with_loader=\u00bboff\u00bb da_has_shadow=\u00bbon\u00bb][et_pb_row column_structure=\u00bb1_2,1_2&#8243; _builder_version=\u00bb4.9.11&#8243; _module_preset=\u00bbdefault\u00bb global_colors_info=\u00bb{}\u00bb][et_pb_column type=\u00bb1_2&#8243; _builder_version=\u00bb4.9.11&#8243; _module_preset=\u00bbdefault\u00bb global_colors_info=\u00bb{}\u00bb][et_pb_map address=\u00bbC. de Rodr\u00edguez San Pedro, Madrid, Espa\u00f1a\u00bb zoom_level=\u00bb15&#8243; address_lat=\u00bb40.431843157367&#8243; address_lng=\u00bb-3.7057611695167&#8243; _builder_version=\u00bb4.9.11&#8243; _module_preset=\u00bbdefault\u00bb min_height=\u00bb266px\u00bb height=\u00bb281px\u00bb custom_margin=\u00bb||51px|||\u00bb custom_padding=\u00bb||0px|||\u00bb global_colors_info=\u00bb{}\u00bb][et_pb_map_pin pin_address=\u00bbC. de Rodr\u00edguez San Pedro, 2, 28015 Madrid, Espa\u00f1a\u00bb pin_address_lat=\u00bb40.4316935&#8243; pin_address_lng=\u00bb-3.7054238&#8243; _builder_version=\u00bb4.9.11&#8243; _module_preset=\u00bbdefault\u00bb global_colors_info=\u00bb{}\u00bb][\/et_pb_map_pin][\/et_pb_map][et_pb_blurb title=\u00bbCESYT MADRID\u00bb use_icon=\u00bbon\u00bb font_icon=\u00bb%%249%%\u00bb icon_color=\u00bb#2bad00&#8243; icon_placement=\u00bbleft\u00bb _builder_version=\u00bb4.9.11&#8243; _module_preset=\u00bbdefault\u00bb header_level=\u00bbh1&#8243; header_font=\u00bb|600|||||||\u00bb header_text_color=\u00bb#606060&#8243; header_font_size=\u00bb35px\u00bb body_font_size=\u00bb17px\u00bb body_line_height=\u00bb2.5em\u00bb global_colors_info=\u00bb{}\u00bb]<p>Calle Rodr\u00edguez San Pedro, N\u00ba2 Oficina 103<\/p>\n<p>28015 Madrid<\/p>\n<p>T. +34 911 996 151<\/p>[\/et_pb_blurb][\/et_pb_column][et_pb_column type=\u00bb1_2&#8243; _builder_version=\u00bb4.9.11&#8243; _module_preset=\u00bbdefault\u00bb global_colors_info=\u00bb{}\u00bb][wpforms_selector form_id=\u00bb482&#8243; _builder_version=\u00bb4.9.11&#8243; _module_preset=\u00bbdefault\u00bb module_alignment=\u00bbcenter\u00bb global_colors_info=\u00bb{}\u00bb][\/wpforms_selector][\/et_pb_column][\/et_pb_row][\/et_pb_section]\n\n\n","protected":false},"excerpt":{"rendered":"<p>CONTACTOCalle Rodr\u00edguez San Pedro, N\u00ba2 Oficina 103 28015 Madrid T. +34 911 996 151<div class=\"et_pb_module wpforms_selector wpforms_selector_0\">\n\t\t\t\t\n\t\t\t\t\n\t\t\t\t\n\t\t\t\t\n\t\t\t\t\n\t\t\t\t\n\t\t\t\t<div class=\"et_pb_module_inner\">\n\t\t\t\t\t<div class=\"wpforms-container wpforms-container-full\" id=\"wpforms-482\"><form id=\"wpforms-form-482\" class=\"wpforms-validate wpforms-form\" data-formid=\"482\" method=\"post\" enctype=\"multipart\/form-data\" action=\"\/index.php\/wp-json\/wp\/v2\/pages\/98\" data-token=\"dab1da2485234040c953f780a2af7678\" data-token-time=\"1777589819\"><noscript class=\"wpforms-error-noscript\">Por favor, activa JavaScript en tu navegador para completar este formulario.<\/noscript><div class=\"wpforms-field-container\"><div id=\"wpforms-482-field_0-container\" class=\"wpforms-field wpforms-field-name\" data-field-id=\"0\"><label class=\"wpforms-field-label\" for=\"wpforms-482-field_0\">Nombre <span class=\"wpforms-required-label\">*<\/span><\/label><input type=\"text\" id=\"wpforms-482-field_0\" class=\"wpforms-field-medium wpforms-field-required\" name=\"wpforms[fields][0]\" required><\/div><div id=\"wpforms-482-field_4-container\" class=\"wpforms-field wpforms-field-text\" data-field-id=\"4\"><label class=\"wpforms-field-label\" for=\"wpforms-482-field_4\">Tel\u00e9fono<\/label><input type=\"text\" id=\"wpforms-482-field_4\" class=\"wpforms-field-small\" name=\"wpforms[fields][4]\" ><\/div><div id=\"wpforms-482-field_1-container\" class=\"wpforms-field wpforms-field-email\" data-field-id=\"1\"><label class=\"wpforms-field-label\" for=\"wpforms-482-field_1\">Correo electr\u00f3nico <span class=\"wpforms-required-label\">*<\/span><\/label><input type=\"email\" id=\"wpforms-482-field_1\" class=\"wpforms-field-medium wpforms-field-required\" name=\"wpforms[fields][1]\" spellcheck=\"false\" required><\/div><div id=\"wpforms-482-field_2-container\" class=\"wpforms-field wpforms-field-textarea\" data-field-id=\"2\"><label class=\"wpforms-field-label\" for=\"wpforms-482-field_2\">Consulta <span class=\"wpforms-required-label\">*<\/span><\/label><textarea id=\"wpforms-482-field_2\" class=\"wpforms-field-medium wpforms-field-required\" name=\"wpforms[fields][2]\" required><\/textarea><\/div><div id=\"wpforms-482-field_3-container\" class=\"wpforms-field wpforms-field-checkbox\" data-field-id=\"3\"><label class=\"wpforms-field-label wpforms-label-hide\">Casillas de verificaci\u00f3n <span class=\"wpforms-required-label\">*<\/span><\/label><ul id=\"wpforms-482-field_3\" class=\"wpforms-field-required\"><li class=\"choice-1 depth-1\"><input type=\"checkbox\" id=\"wpforms-482-field_3_1\" name=\"wpforms[fields][3][]\" value=\"Acepto el tratamiento de mis datos para el env\u00edo de comunicaciones de productos o servicios\" required ><label class=\"wpforms-field-label-inline\" for=\"wpforms-482-field_3_1\">Acepto el tratamiento de mis datos para el env\u00edo de comunicaciones de productos o servicios<\/label><\/li><\/ul><div class=\"wpforms-field-description\">PROTECCI\u00d3N DE DATOS: De conformidad con las normativas de protecci\u00f3n de datos, le facilitamos la siguiente informaci\u00f3n del tratamiento: Responsable: CESYT Fines del tratamiento: mantener una relaci\u00f3n comercial y enviar comunicaciones de productos o servicios Derechos que le asisten: acceso, rectificaci\u00f3n, portabilidad, supresi\u00f3n, limitaci\u00f3n y oposici\u00f3n M\u00e1s informaci\u00f3n del tratamiento en la Pol\u00edtica de Privacidad.<\/div><\/div><\/div><!-- .wpforms-field-container --><div class=\"wpforms-field wpforms-field-hp\"><label for=\"wpforms-482-field-hp\" class=\"wpforms-field-label\">Phone<\/label><input type=\"text\" name=\"wpforms[hp]\" id=\"wpforms-482-field-hp\" class=\"wpforms-field-medium\"><\/div><div class=\"wpforms-recaptcha-container wpforms-is-recaptcha wpforms-is-recaptcha-type-v2\" ><div class=\"g-recaptcha\" data-sitekey=\"6LcmwDQeAAAAAFXou6HkIrQspnFPcqOK4XT-yPOu\"><\/div><input type=\"text\" name=\"g-recaptcha-hidden\" class=\"wpforms-recaptcha-hidden\" style=\"position:absolute!important;clip:rect(0,0,0,0)!important;height:1px!important;width:1px!important;border:0!important;overflow:hidden!important;padding:0!important;margin:0!important;\" data-rule-recaptcha=\"1\"><\/div><div class=\"wpforms-submit-container\" ><input type=\"hidden\" name=\"wpforms[id]\" value=\"482\"><input type=\"hidden\" name=\"page_title\" value=\"\"><input type=\"hidden\" name=\"page_url\" value=\"https:\/\/www.cesyt.es\/index.php\/wp-json\/wp\/v2\/pages\/98\"><input type=\"hidden\" name=\"url_referer\" value=\"\"><button type=\"submit\" name=\"wpforms[submit]\" id=\"wpforms-submit-482\" class=\"wpforms-submit\" data-alt-text=\"Enviando...\" data-submit-text=\"Enviar\" aria-live=\"assertive\" value=\"wpforms-submit\">Enviar<\/button><\/div><\/form><\/div>  <!-- .wpforms-container -->\n\t\t\t\t<\/div>\n\t\t\t<\/div><\/p>\n","protected":false},"author":2,"featured_media":0,"parent":0,"menu_order":0,"comment_status":"closed","ping_status":"closed","template":"","meta":{"_et_pb_use_builder":"on","_et_pb_old_content":"","_et_gb_content_width":"","footnotes":""},"class_list":["post-98","page","type-page","status-publish","hentry"],"yoast_head":"<!-- This site is optimized with the Yoast SEO plugin v27.1.1 - https:\/\/yoast.com\/product\/yoast-seo-wordpress\/ -->\n<title>Contacto CESYT<\/title>\n<meta name=\"description\" content=\"CONTACTO CESYT - Ponte en contacto con nosotros para cualquier duda, un especialista te atender\u00e1. \u00a1Te estamos esperando!\" \/>\n<meta name=\"robots\" content=\"index, follow, max-snippet:-1, max-image-preview:large, max-video-preview:-1\" \/>\n<link rel=\"canonical\" href=\"https:\/\/cesyt.es\" \/>\n<meta property=\"og:locale\" content=\"es_ES\" \/>\n<meta property=\"og:type\" content=\"article\" \/>\n<meta property=\"og:title\" content=\"Contacto CESYT\" \/>\n<meta property=\"og:description\" content=\"CONTACTO CESYT - Ponte en contacto con nosotros para cualquier duda, un especialista te atender\u00e1. \u00a1Te estamos esperando!\" \/>\n<meta property=\"og:url\" content=\"https:\/\/cesyt.es\" \/>\n<meta property=\"og:site_name\" content=\"CESYT\" \/>\n<meta property=\"article:modified_time\" content=\"2021-11-15T13:03:52+00:00\" \/>\n<meta name=\"twitter:card\" content=\"summary_large_image\" \/>\n<meta name=\"twitter:label1\" content=\"Tiempo de lectura\" \/>\n\t<meta name=\"twitter:data1\" content=\"1 minuto\" \/>\n<script type=\"application\/ld+json\" class=\"yoast-schema-graph\">{\"@context\":\"https:\/\/schema.org\",\"@graph\":[{\"@type\":\"WebPage\",\"@id\":\"https:\/\/www.cesyt.es\/index.php\/contacto\/\",\"url\":\"https:\/\/cesyt.es\",\"name\":\"Contacto CESYT\",\"isPartOf\":{\"@id\":\"https:\/\/www.cesyt.es\/#website\"},\"datePublished\":\"2021-02-21T23:27:03+00:00\",\"dateModified\":\"2021-11-15T13:03:52+00:00\",\"description\":\"CONTACTO CESYT - Ponte en contacto con nosotros para cualquier duda, un especialista te atender\u00e1. \u00a1Te estamos esperando!\",\"breadcrumb\":{\"@id\":\"https:\/\/cesyt.es#breadcrumb\"},\"inLanguage\":\"es\",\"potentialAction\":[{\"@type\":\"ReadAction\",\"target\":[\"https:\/\/cesyt.es\"]}]},{\"@type\":\"BreadcrumbList\",\"@id\":\"https:\/\/cesyt.es#breadcrumb\",\"itemListElement\":[{\"@type\":\"ListItem\",\"position\":1,\"name\":\"Portada\",\"item\":\"https:\/\/www.cesyt.es\/\"},{\"@type\":\"ListItem\",\"position\":2,\"name\":\"Infraestructura verde Planes directores Huella de carbono salud urbana I+d+i Soluciones basadas en la naturaleza\"}]},{\"@type\":\"WebSite\",\"@id\":\"https:\/\/www.cesyt.es\/#website\",\"url\":\"https:\/\/www.cesyt.es\/\",\"name\":\"CESYT - Salud Urbana\",\"description\":\"Salud Urbana\",\"publisher\":{\"@id\":\"https:\/\/www.cesyt.es\/#organization\"},\"potentialAction\":[{\"@type\":\"SearchAction\",\"target\":{\"@type\":\"EntryPoint\",\"urlTemplate\":\"https:\/\/www.cesyt.es\/?s={search_term_string}\"},\"query-input\":{\"@type\":\"PropertyValueSpecification\",\"valueRequired\":true,\"valueName\":\"search_term_string\"}}],\"inLanguage\":\"es\"},{\"@type\":\"Organization\",\"@id\":\"https:\/\/www.cesyt.es\/#organization\",\"name\":\"CESYT - Salud urbana\",\"url\":\"https:\/\/www.cesyt.es\/\",\"logo\":{\"@type\":\"ImageObject\",\"inLanguage\":\"es\",\"@id\":\"https:\/\/www.cesyt.es\/#\/schema\/logo\/image\/\",\"url\":\"https:\/\/cesyt.es\/wp-content\/uploads\/2021\/07\/Positivo-SC.png\",\"contentUrl\":\"https:\/\/cesyt.es\/wp-content\/uploads\/2021\/07\/Positivo-SC.png\",\"width\":2008,\"height\":1654,\"caption\":\"CESYT - Salud urbana\"},\"image\":{\"@id\":\"https:\/\/www.cesyt.es\/#\/schema\/logo\/image\/\"}}]}<\/script>\n<!-- \/ Yoast SEO plugin. -->","yoast_head_json":{"title":"Contacto CESYT","description":"CONTACTO CESYT - Ponte en contacto con nosotros para cualquier duda, un especialista te atender\u00e1. \u00a1Te estamos esperando!","robots":{"index":"index","follow":"follow","max-snippet":"max-snippet:-1","max-image-preview":"max-image-preview:large","max-video-preview":"max-video-preview:-1"},"canonical":"https:\/\/cesyt.es","og_locale":"es_ES","og_type":"article","og_title":"Contacto CESYT","og_description":"CONTACTO CESYT - Ponte en contacto con nosotros para cualquier duda, un especialista te atender\u00e1. \u00a1Te estamos esperando!","og_url":"https:\/\/cesyt.es","og_site_name":"CESYT","article_modified_time":"2021-11-15T13:03:52+00:00","twitter_card":"summary_large_image","twitter_misc":{"Tiempo de lectura":"1 minuto"},"schema":{"@context":"https:\/\/schema.org","@graph":[{"@type":"WebPage","@id":"https:\/\/www.cesyt.es\/index.php\/contacto\/","url":"https:\/\/cesyt.es","name":"Contacto CESYT","isPartOf":{"@id":"https:\/\/www.cesyt.es\/#website"},"datePublished":"2021-02-21T23:27:03+00:00","dateModified":"2021-11-15T13:03:52+00:00","description":"CONTACTO CESYT - Ponte en contacto con nosotros para cualquier duda, un especialista te atender\u00e1. \u00a1Te estamos esperando!","breadcrumb":{"@id":"https:\/\/cesyt.es#breadcrumb"},"inLanguage":"es","potentialAction":[{"@type":"ReadAction","target":["https:\/\/cesyt.es"]}]},{"@type":"BreadcrumbList","@id":"https:\/\/cesyt.es#breadcrumb","itemListElement":[{"@type":"ListItem","position":1,"name":"Portada","item":"https:\/\/www.cesyt.es\/"},{"@type":"ListItem","position":2,"name":"Infraestructura verde Planes directores Huella de carbono salud urbana I+d+i Soluciones basadas en la naturaleza"}]},{"@type":"WebSite","@id":"https:\/\/www.cesyt.es\/#website","url":"https:\/\/www.cesyt.es\/","name":"CESYT - Salud Urbana","description":"Salud Urbana","publisher":{"@id":"https:\/\/www.cesyt.es\/#organization"},"potentialAction":[{"@type":"SearchAction","target":{"@type":"EntryPoint","urlTemplate":"https:\/\/www.cesyt.es\/?s={search_term_string}"},"query-input":{"@type":"PropertyValueSpecification","valueRequired":true,"valueName":"search_term_string"}}],"inLanguage":"es"},{"@type":"Organization","@id":"https:\/\/www.cesyt.es\/#organization","name":"CESYT - Salud urbana","url":"https:\/\/www.cesyt.es\/","logo":{"@type":"ImageObject","inLanguage":"es","@id":"https:\/\/www.cesyt.es\/#\/schema\/logo\/image\/","url":"https:\/\/cesyt.es\/wp-content\/uploads\/2021\/07\/Positivo-SC.png","contentUrl":"https:\/\/cesyt.es\/wp-content\/uploads\/2021\/07\/Positivo-SC.png","width":2008,"height":1654,"caption":"CESYT - Salud urbana"},"image":{"@id":"https:\/\/www.cesyt.es\/#\/schema\/logo\/image\/"}}]}},"_links":{"self":[{"href":"https:\/\/www.cesyt.es\/index.php\/wp-json\/wp\/v2\/pages\/98","targetHints":{"allow":["GET"]}}],"collection":[{"href":"https:\/\/www.cesyt.es\/index.php\/wp-json\/wp\/v2\/pages"}],"about":[{"href":"https:\/\/www.cesyt.es\/index.php\/wp-json\/wp\/v2\/types\/page"}],"author":[{"embeddable":true,"href":"https:\/\/www.cesyt.es\/index.php\/wp-json\/wp\/v2\/users\/2"}],"replies":[{"embeddable":true,"href":"https:\/\/www.cesyt.es\/index.php\/wp-json\/wp\/v2\/comments?post=98"}],"version-history":[{"count":4,"href":"https:\/\/www.cesyt.es\/index.php\/wp-json\/wp\/v2\/pages\/98\/revisions"}],"predecessor-version":[{"id":2676,"href":"https:\/\/www.cesyt.es\/index.php\/wp-json\/wp\/v2\/pages\/98\/revisions\/2676"}],"wp:attachment":[{"href":"https:\/\/www.cesyt.es\/index.php\/wp-json\/wp\/v2\/media?parent=98"}],"curies":[{"name":"wp","href":"https:\/\/api.w.org\/{rel}","templated":true}]}}