{"id":85,"date":"2021-02-21T22:49:23","date_gmt":"2021-02-21T22:49:23","guid":{"rendered":"http:\/\/rackservertlc.synology.me\/wordpress\/?page_id=85"},"modified":"2021-11-15T15:08:38","modified_gmt":"2021-11-15T13:08:38","slug":"i-d-i","status":"publish","type":"page","link":"https:\/\/www.cesyt.es\/index.php\/i-d-i\/","title":{"rendered":"I + D + i"},"content":{"rendered":"\n\n[et_pb_section fb_built=\u00bb1&#8243; fullwidth=\u00bbon\u00bb next_background_color=\u00bb#ffffff\u00bb _builder_version=\u00bb4.9.9&#8243; _module_preset=\u00bbdefault\u00bb background_image=\u00bbhttps:\/\/cesyt.es\/wp-content\/uploads\/2021\/07\/Cab-scaled.jpg\u00bb custom_padding=\u00bb||54px|||\u00bb bottom_divider_style=\u00bbslant\u00bb da_disable_devices=\u00bboff|off|off\u00bb global_module=\u00bb395&#8243; saved_tabs=\u00bball\u00bb global_colors_info=\u00bb{}\u00bb da_is_popup=\u00bboff\u00bb da_exit_intent=\u00bboff\u00bb da_has_close=\u00bbon\u00bb da_alt_close=\u00bboff\u00bb da_dark_close=\u00bboff\u00bb da_not_modal=\u00bbon\u00bb da_is_singular=\u00bboff\u00bb da_with_loader=\u00bboff\u00bb da_has_shadow=\u00bbon\u00bb][\/et_pb_section][et_pb_section fb_built=\u00bb1&#8243; _builder_version=\u00bb4.9.0&#8243; _module_preset=\u00bbdefault\u00bb custom_padding=\u00bb||66px|||\u00bb da_disable_devices=\u00bboff|off|off\u00bb global_colors_info=\u00bb{}\u00bb da_is_popup=\u00bboff\u00bb da_exit_intent=\u00bboff\u00bb da_has_close=\u00bbon\u00bb da_alt_close=\u00bboff\u00bb da_dark_close=\u00bboff\u00bb da_not_modal=\u00bbon\u00bb da_is_singular=\u00bboff\u00bb da_with_loader=\u00bboff\u00bb da_has_shadow=\u00bbon\u00bb][et_pb_row _builder_version=\u00bb4.9.0&#8243; _module_preset=\u00bbdefault\u00bb global_colors_info=\u00bb{}\u00bb][et_pb_column type=\u00bb4_4&#8243; _builder_version=\u00bb4.9.0&#8243; _module_preset=\u00bbdefault\u00bb global_colors_info=\u00bb{}\u00bb][et_pb_text _builder_version=\u00bb4.9.9&#8243; _module_preset=\u00bbdefault\u00bb text_font=\u00bb|600|||||||\u00bb text_text_color=\u00bbrgba(255,255,255,0.84)\u00bb text_font_size=\u00bb32px\u00bb text_text_shadow_style=\u00bbpreset5&#8243; text_text_shadow_color=\u00bbrgba(0,0,0,0.31)\u00bb box_shadow_style=\u00bbpreset3&#8243; box_shadow_vertical=\u00bb13px\u00bb box_shadow_blur=\u00bb16px\u00bb box_shadow_spread=\u00bb-8px\u00bb box_shadow_color=\u00bbrgba(20,76,0,0.35)\u00bb global_colors_info=\u00bb{}\u00bb]<p>I + D\u00a0 + i<\/p>[\/et_pb_text][\/et_pb_column][\/et_pb_row][et_pb_row _builder_version=\u00bb4.9.0&#8243; _module_preset=\u00bbdefault\u00bb custom_margin=\u00bb17px|auto||auto||\u00bb global_colors_info=\u00bb{}\u00bb][et_pb_column type=\u00bb4_4&#8243; _builder_version=\u00bb4.9.0&#8243; _module_preset=\u00bbdefault\u00bb global_colors_info=\u00bb{}\u00bb][et_pb_tabs active_tab_background_color=\u00bbrgba(20,76,0,0.21)\u00bb inactive_tab_background_color=\u00bbrgba(147,71,0,0.03)\u00bb active_tab_text_color=\u00bb#051400&#8243; _builder_version=\u00bb4.9.9&#8243; _module_preset=\u00bbdefault\u00bb tab_text_color=\u00bb#051400&#8243; body_text_align=\u00bbjustify\u00bb tab_font=\u00bb||||||||\u00bb tab_line_height=\u00bb1.9em\u00bb custom_padding=\u00bb50px||||false|false\u00bb hover_enabled=\u00bb0&#8243; global_colors_info=\u00bb{}\u00bb sticky_enabled=\u00bb0&#8243;][et_pb_tab title=\u00bbPROYECTO: %22Metabolismo Verde. Sistema innovador de planificaci\u00f3n de las infraestructuras verdes urbanas y territoriales%22&#8243; _builder_version=\u00bb4.9.9&#8243; _module_preset=\u00bbdefault\u00bb body_font=\u00bb||||||||\u00bb body_text_align=\u00bbjustify\u00bb body_font_size=\u00bb18px\u00bb body_line_height=\u00bb1.8em\u00bb tab_font=\u00bbAllerta|||||on|||\u00bb tab_font_size=\u00bb22px\u00bb tab_letter_spacing=\u00bb1px\u00bb global_colors_info=\u00bb{}\u00bb]<p>\u201cMetabolismo Verde. Sistema Innovador de planificaci\u00f3n de las Infraestructuras verdes urbanas y territoriales\u201d, es un proyecto que CESYT ha desarrollado con <a href=\"https:\/\/www.cdti.es\/\" target=\"_blank\" rel=\"noopener noreferrer\">fondos CDTI<\/a> en colaboraci\u00f3n con la <a href=\"http:\/\/fius.us.es\/\" target=\"_blank\" rel=\"noopener noreferrer\">FIUS<\/a> (Fundaci\u00f3n de Investigaci\u00f3n de la Universidad de Sevilla) para generar una herramienta capaz de planificar, dise\u00f1ar y gestionar infraestructuras verdes urbanas en base a unos objetivos de mejora ambiental del espacio y a la cuantificaci\u00f3n de los beneficios ecosist\u00e9micos proporcionados por la Infraestructura Verde Urbana.<\/p>\n<p>Metabolismo Verde permite consultar informaci\u00f3n de m\u00e1s de 100 especies arb\u00f3reas y arbustivas\u00a0comunes en las principales\u00a0ciudades del \u00e1mbito mediterr\u00e1neo: sus caracter\u00edsticas generales,\u00a0resiliencia, capacidad de absorci\u00f3n de diferentes contaminantes, capacidad de mejora del confort ambiental y radiativo y\u00a0capacidad de secuestro y almacenamiento de CO2.<\/p>\n<p>La informaci\u00f3n que alimenta la Matriz de datos de Metabolismo Verde, se ha obtenido a partir de una exhaustiva consulta bibliogr\u00e1fica de par\u00e1metros fisiol\u00f3gicos y biol\u00f3gicos de cada especie, pero fundamentalmente de un amplio conjunto de ensayos experimentales tanto en laboratorio como en campo, que permiten determinar la capacidad metab\u00f3lica de dichas especies para captar contaminantes y PMs, absorber radiaciones UVA, UVB+C, combatir el efecto isla de calor o secuestrar CO2.<\/p>\n<p>En la aplicaci\u00f3n dise\u00f1ada, se relacionan todos estos datos para determinar un \u00edndice de funcionalidad de cada especie. Mediante algoritmos, permite que el usuario, a partir de unos objetivos de calidad del aire y de confort t\u00e9rmico previamente fijados, seleccione aquellas especies \u00f3ptimas para sobrevivir en las condiciones edafo-climatol\u00f3gicas de un espacio, maximizando al mismo tiempo los beneficios ecosist\u00e9micos generados.<\/p>\n<p>&nbsp;<\/p>\n<p><img loading=\"lazy\" decoding=\"async\" src=\"https:\/\/cesyt.es\/wp-content\/uploads\/2021\/07\/logos-19.jpg\" width=\"215\" height=\"55\" alt=\"\" class=\"wp-image-386 alignnone size-full\" srcset=\"https:\/\/www.cesyt.es\/wp-content\/uploads\/2021\/07\/logos-19.jpg 325w, https:\/\/www.cesyt.es\/wp-content\/uploads\/2021\/07\/logos-19-300x77.jpg 300w\" sizes=\"auto, (max-width: 215px) 100vw, 215px\" \/>\u00a0 <img loading=\"lazy\" decoding=\"async\" src=\"https:\/\/cesyt.es\/wp-content\/uploads\/2021\/07\/logos-15.png\" width=\"159\" height=\"64\" alt=\"\" class=\"wp-image-381 alignnone size-full\" srcset=\"https:\/\/www.cesyt.es\/wp-content\/uploads\/2021\/07\/logos-15.png 1000w, https:\/\/www.cesyt.es\/wp-content\/uploads\/2021\/07\/logos-15-300x120.png 300w, https:\/\/www.cesyt.es\/wp-content\/uploads\/2021\/07\/logos-15-768x307.png 768w, https:\/\/www.cesyt.es\/wp-content\/uploads\/2021\/07\/logos-15-980x392.png 980w, https:\/\/www.cesyt.es\/wp-content\/uploads\/2021\/07\/logos-15-480x192.png 480w\" sizes=\"auto, (max-width: 159px) 100vw, 159px\" \/>\u00a0 \u00a0<img loading=\"lazy\" decoding=\"async\" src=\"https:\/\/cesyt.es\/wp-content\/uploads\/2021\/07\/logos-16.png\" width=\"160\" height=\"71\" alt=\"\" class=\"wp-image-382 alignnone size-full\" srcset=\"https:\/\/www.cesyt.es\/wp-content\/uploads\/2021\/07\/logos-16.png 1615w, https:\/\/www.cesyt.es\/wp-content\/uploads\/2021\/07\/logos-16-300x133.png 300w, https:\/\/www.cesyt.es\/wp-content\/uploads\/2021\/07\/logos-16-1024x455.png 1024w, https:\/\/www.cesyt.es\/wp-content\/uploads\/2021\/07\/logos-16-768x341.png 768w, https:\/\/www.cesyt.es\/wp-content\/uploads\/2021\/07\/logos-16-1536x683.png 1536w, https:\/\/www.cesyt.es\/wp-content\/uploads\/2021\/07\/logos-16-1080x480.png 1080w, https:\/\/www.cesyt.es\/wp-content\/uploads\/2021\/07\/logos-16-1280x569.png 1280w, https:\/\/www.cesyt.es\/wp-content\/uploads\/2021\/07\/logos-16-980x436.png 980w, https:\/\/www.cesyt.es\/wp-content\/uploads\/2021\/07\/logos-16-480x213.png 480w\" sizes=\"auto, (max-width: 160px) 100vw, 160px\" \/><\/p>\n<p>&nbsp;<\/p>[\/et_pb_tab][et_pb_tab title=\u00bbPROYECTO: \u201cPLAT-GREEN URBAN SMART: Sistema innovador de las infraestructuras verdes urbanas y territoriales para Smart Cities\u201d\u00bb _builder_version=\u00bb4.11.3&#8243; _module_preset=\u00bbdefault\u00bb body_font=\u00bb||||||||\u00bb body_text_align=\u00bbjustify\u00bb body_font_size=\u00bb18px\u00bb body_line_height=\u00bb1.8em\u00bb tab_font=\u00bbAllerta|||||on|||\u00bb tab_font_size=\u00bb22px\u00bb tab_letter_spacing=\u00bb1px\u00bb hover_enabled=\u00bb0&#8243; global_colors_info=\u00bb{}\u00bb sticky_enabled=\u00bb0&#8243;]<p>El proyecto <strong>PLAT-GREEN URBAN SMART<\/strong> que CESYT ha desarrollado en colaboraci\u00f3n con <a href=\"https:\/\/www.alfredsmart.com\/\" target=\"_blank\" rel=\"noopener noreferrer\">Alfred Smart Systems<\/a> y <a href=\"https:\/\/smartechcluster.org\/es\/\" target=\"_blank\" rel=\"noopener noreferrer\">Domotys<\/a>, es una plataforma tecnol\u00f3gica que permite dise\u00f1ar, planificar, monitorizar y gestionar las infraestructuras verdes urbanas (IVU). La plataforma est\u00e1 basada en una Matriz de Metabolismo Verde que aporte informaci\u00f3n sobre la capacidad de eliminaci\u00f3n de contaminantes, secuestro de carbono y mejora del confort t\u00e9rmico y radiactivo de las principales especies arb\u00f3reas y arbustivas presentes en las IVU.<\/p>\n<p>El proyecto <strong>PLAT-GREEN URBAN SMART<\/strong> despliega un complejo sistema de monitorizaci\u00f3n de la calidad ambiental de las infraestructuras verdes urbanas, a trav\u00e9s de una red de sensores que permiten obtener datos a tiempo real tanto de calidad del aire como de confort t\u00e9rmico. Los sensores transmiten los datos a un nuevo Gateway multiprotocolo, y de ah\u00ed a un servidor (cloud) donde se desarrolla una infraestructura backend (base de datos) y frontend (interfaz de usuario) adaptadas a las necesidades de las IVU.<\/p>\n<p>&nbsp;<\/p>\n<p><img loading=\"lazy\" decoding=\"async\" src=\"https:\/\/cesyt.es\/wp-content\/uploads\/2021\/07\/logos-17.jpg\" width=\"155\" height=\"62\" alt=\"\" class=\"wp-image-383 alignnone size-full\" srcset=\"https:\/\/www.cesyt.es\/wp-content\/uploads\/2021\/07\/logos-17.jpg 520w, https:\/\/www.cesyt.es\/wp-content\/uploads\/2021\/07\/logos-17-300x120.jpg 300w, https:\/\/www.cesyt.es\/wp-content\/uploads\/2021\/07\/logos-17-510x208.jpg 510w, https:\/\/www.cesyt.es\/wp-content\/uploads\/2021\/07\/logos-17-480x192.jpg 480w\" sizes=\"auto, (max-width: 155px) 100vw, 155px\" \/> \u00a0 <img loading=\"lazy\" decoding=\"async\" src=\"https:\/\/cesyt.es\/wp-content\/uploads\/2021\/07\/logos-18-scaled.jpg\" width=\"236\" height=\"59\" alt=\"\" class=\"wp-image-384 alignnone size-full\" srcset=\"https:\/\/www.cesyt.es\/wp-content\/uploads\/2021\/07\/logos-18-scaled.jpg 2560w, https:\/\/www.cesyt.es\/wp-content\/uploads\/2021\/07\/logos-18-300x75.jpg 300w, https:\/\/www.cesyt.es\/wp-content\/uploads\/2021\/07\/logos-18-1024x257.jpg 1024w, https:\/\/www.cesyt.es\/wp-content\/uploads\/2021\/07\/logos-18-768x193.jpg 768w, https:\/\/www.cesyt.es\/wp-content\/uploads\/2021\/07\/logos-18-1536x386.jpg 1536w, https:\/\/www.cesyt.es\/wp-content\/uploads\/2021\/07\/logos-18-2048x514.jpg 2048w, https:\/\/www.cesyt.es\/wp-content\/uploads\/2021\/07\/logos-18-1080x271.jpg 1080w, https:\/\/www.cesyt.es\/wp-content\/uploads\/2021\/07\/logos-18-1280x322.jpg 1280w, https:\/\/www.cesyt.es\/wp-content\/uploads\/2021\/07\/logos-18-980x246.jpg 980w, https:\/\/www.cesyt.es\/wp-content\/uploads\/2021\/07\/logos-18-480x121.jpg 480w\" sizes=\"auto, (max-width: 236px) 100vw, 236px\" \/><\/p>\n<p>&nbsp;<\/p>[\/et_pb_tab][et_pb_tab title=\u00bbPROYECTO: \u201cDise\u00f1o, testeo, validaci\u00f3n y puesta a punto de c\u00e1mara de experimentaci\u00f3n para medici\u00f3n de la absorci\u00f3n de NOx por parte de especies de plantas%22&#8243; _builder_version=\u00bb4.9.9&#8243; _module_preset=\u00bbdefault\u00bb body_font=\u00bb||||||||\u00bb body_text_align=\u00bbjustify\u00bb body_font_size=\u00bb18px\u00bb body_line_height=\u00bb1.8em\u00bb tab_font=\u00bbAllerta|||||on|||\u00bb tab_font_size=\u00bb22px\u00bb tab_letter_spacing=\u00bb1px\u00bb global_colors_info=\u00bb{}\u00bb]<p>El Proyecto, financiado con fondos del Programa Cheque Innovaci\u00f3n y desarrollado en colaboraci\u00f3n con AFC Ingenieros, tiene como objeto el dise\u00f1o, fabricaci\u00f3n y validaci\u00f3n de una c\u00e1mara estanca que permita cuantificar la capacidad captadora de NOx (NO2, NO y NOx) por parte de 50 especies vegetales de uso habitual en las ciudades del \u00e1mbito mediterr\u00e1neo. Para dise\u00f1ar, gestionar y evaluar las infraestructuras verdes urbanas es necesario disponer del conocimiento que permita elegir las especies m\u00e1s adecuadas para resolver los problemas del entorno urbano. El reto tecnol\u00f3gico del proyecto es pues, determinar la capacidad depurativa de las especies en cuanto a los NOx, contaminantes que se encuentran en altos niveles en las ciudades y con efectos y consecuencias graves sobre la salud.<\/p>\n<p>&nbsp;<\/p>\n<p><img loading=\"lazy\" decoding=\"async\" src=\"https:\/\/cesyt.es\/wp-content\/uploads\/2021\/07\/logos-20.jpg\" width=\"203\" height=\"71\" alt=\"\" class=\"wp-image-387 alignnone size-full\" srcset=\"https:\/\/www.cesyt.es\/wp-content\/uploads\/2021\/07\/logos-20.jpg 628w, https:\/\/www.cesyt.es\/wp-content\/uploads\/2021\/07\/logos-20-300x104.jpg 300w, https:\/\/www.cesyt.es\/wp-content\/uploads\/2021\/07\/logos-20-480x166.jpg 480w\" sizes=\"auto, (max-width: 203px) 100vw, 203px\" \/> \u00a0 <img loading=\"lazy\" decoding=\"async\" src=\"https:\/\/cesyt.es\/wp-content\/uploads\/2021\/07\/logos-16.png\" width=\"159\" height=\"71\" alt=\"\" class=\"wp-image-382 alignnone size-full\" srcset=\"https:\/\/www.cesyt.es\/wp-content\/uploads\/2021\/07\/logos-16.png 1615w, https:\/\/www.cesyt.es\/wp-content\/uploads\/2021\/07\/logos-16-300x133.png 300w, https:\/\/www.cesyt.es\/wp-content\/uploads\/2021\/07\/logos-16-1024x455.png 1024w, https:\/\/www.cesyt.es\/wp-content\/uploads\/2021\/07\/logos-16-768x341.png 768w, https:\/\/www.cesyt.es\/wp-content\/uploads\/2021\/07\/logos-16-1536x683.png 1536w, https:\/\/www.cesyt.es\/wp-content\/uploads\/2021\/07\/logos-16-1080x480.png 1080w, https:\/\/www.cesyt.es\/wp-content\/uploads\/2021\/07\/logos-16-1280x569.png 1280w, https:\/\/www.cesyt.es\/wp-content\/uploads\/2021\/07\/logos-16-980x436.png 980w, https:\/\/www.cesyt.es\/wp-content\/uploads\/2021\/07\/logos-16-480x213.png 480w\" sizes=\"auto, (max-width: 159px) 100vw, 159px\" \/><\/p>\n<p>&nbsp;<\/p>[\/et_pb_tab][\/et_pb_tabs][\/et_pb_column][\/et_pb_row][\/et_pb_section]\n\n","protected":false},"excerpt":{"rendered":"<p>I + D\u00a0 + i\u201cMetabolismo Verde. Sistema Innovador de planificaci\u00f3n de las Infraestructuras verdes urbanas y territoriales\u201d, es un proyecto que CESYT ha desarrollado con fondos CDTI en colaboraci\u00f3n con la FIUS (Fundaci\u00f3n de Investigaci\u00f3n de la Universidad de Sevilla) para generar una herramienta capaz de planificar, dise\u00f1ar y gestionar infraestructuras verdes urbanas en base [&hellip;]<\/p>\n","protected":false},"author":2,"featured_media":0,"parent":0,"menu_order":0,"comment_status":"closed","ping_status":"closed","template":"","meta":{"_et_pb_use_builder":"on","_et_pb_old_content":"","_et_gb_content_width":"","footnotes":""},"class_list":["post-85","page","type-page","status-publish","hentry"],"yoast_head":"<!-- This site is optimized with the Yoast SEO plugin v27.1.1 - https:\/\/yoast.com\/product\/yoast-seo-wordpress\/ -->\n<title>I + D + i CESYT<\/title>\n<meta name=\"description\" content=\"Investigamos para demostrar que los sistemas verdes, bien dise\u00f1ados y gestionados desempe\u00f1an funciones para mejorar la vida en las ciudades\" \/>\n<meta name=\"robots\" content=\"index, follow, max-snippet:-1, max-image-preview:large, max-video-preview:-1\" \/>\n<link rel=\"canonical\" href=\"https:\/\/cesyt.es\/\" \/>\n<meta property=\"og:locale\" content=\"es_ES\" \/>\n<meta property=\"og:type\" content=\"article\" \/>\n<meta property=\"og:title\" content=\"I + D + i CESYT\" \/>\n<meta property=\"og:description\" content=\"Investigamos para demostrar que los sistemas verdes, bien dise\u00f1ados y gestionados desempe\u00f1an funciones para mejorar la vida en las ciudades\" \/>\n<meta property=\"og:url\" content=\"https:\/\/cesyt.es\/\" \/>\n<meta property=\"og:site_name\" content=\"CESYT\" \/>\n<meta property=\"article:modified_time\" content=\"2021-11-15T13:08:38+00:00\" \/>\n<meta property=\"og:image\" content=\"https:\/\/cesyt.es\/wp-content\/uploads\/2021\/07\/logos-19.jpg\" \/>\n<meta name=\"twitter:card\" content=\"summary_large_image\" \/>\n<meta name=\"twitter:label1\" content=\"Tiempo de lectura\" \/>\n\t<meta name=\"twitter:data1\" content=\"5 minutos\" \/>\n<script type=\"application\/ld+json\" class=\"yoast-schema-graph\">{\"@context\":\"https:\/\/schema.org\",\"@graph\":[{\"@type\":\"WebPage\",\"@id\":\"https:\/\/www.cesyt.es\/index.php\/i-d-i\/\",\"url\":\"https:\/\/cesyt.es\/\",\"name\":\"I + D + i CESYT\",\"isPartOf\":{\"@id\":\"https:\/\/www.cesyt.es\/#website\"},\"primaryImageOfPage\":{\"@id\":\"https:\/\/cesyt.es\/#primaryimage\"},\"image\":{\"@id\":\"https:\/\/cesyt.es\/#primaryimage\"},\"thumbnailUrl\":\"https:\/\/cesyt.es\/wp-content\/uploads\/2021\/07\/logos-19.jpg\",\"datePublished\":\"2021-02-21T22:49:23+00:00\",\"dateModified\":\"2021-11-15T13:08:38+00:00\",\"description\":\"Investigamos para demostrar que los sistemas verdes, bien dise\u00f1ados y gestionados desempe\u00f1an funciones para mejorar la vida en las ciudades\",\"breadcrumb\":{\"@id\":\"https:\/\/cesyt.es\/#breadcrumb\"},\"inLanguage\":\"es\",\"potentialAction\":[{\"@type\":\"ReadAction\",\"target\":[\"https:\/\/cesyt.es\/\"]}]},{\"@type\":\"ImageObject\",\"inLanguage\":\"es\",\"@id\":\"https:\/\/cesyt.es\/#primaryimage\",\"url\":\"https:\/\/cesyt.es\/wp-content\/uploads\/2021\/07\/logos-19.jpg\",\"contentUrl\":\"https:\/\/cesyt.es\/wp-content\/uploads\/2021\/07\/logos-19.jpg\"},{\"@type\":\"BreadcrumbList\",\"@id\":\"https:\/\/cesyt.es\/#breadcrumb\",\"itemListElement\":[{\"@type\":\"ListItem\",\"position\":1,\"name\":\"Portada\",\"item\":\"https:\/\/www.cesyt.es\/\"},{\"@type\":\"ListItem\",\"position\":2,\"name\":\"I + D + i CESYT\"}]},{\"@type\":\"WebSite\",\"@id\":\"https:\/\/www.cesyt.es\/#website\",\"url\":\"https:\/\/www.cesyt.es\/\",\"name\":\"CESYT - Salud Urbana\",\"description\":\"Salud Urbana\",\"publisher\":{\"@id\":\"https:\/\/www.cesyt.es\/#organization\"},\"potentialAction\":[{\"@type\":\"SearchAction\",\"target\":{\"@type\":\"EntryPoint\",\"urlTemplate\":\"https:\/\/www.cesyt.es\/?s={search_term_string}\"},\"query-input\":{\"@type\":\"PropertyValueSpecification\",\"valueRequired\":true,\"valueName\":\"search_term_string\"}}],\"inLanguage\":\"es\"},{\"@type\":\"Organization\",\"@id\":\"https:\/\/www.cesyt.es\/#organization\",\"name\":\"CESYT - Salud urbana\",\"url\":\"https:\/\/www.cesyt.es\/\",\"logo\":{\"@type\":\"ImageObject\",\"inLanguage\":\"es\",\"@id\":\"https:\/\/www.cesyt.es\/#\/schema\/logo\/image\/\",\"url\":\"https:\/\/cesyt.es\/wp-content\/uploads\/2021\/07\/Positivo-SC.png\",\"contentUrl\":\"https:\/\/cesyt.es\/wp-content\/uploads\/2021\/07\/Positivo-SC.png\",\"width\":2008,\"height\":1654,\"caption\":\"CESYT - Salud urbana\"},\"image\":{\"@id\":\"https:\/\/www.cesyt.es\/#\/schema\/logo\/image\/\"}}]}<\/script>\n<!-- \/ Yoast SEO plugin. -->","yoast_head_json":{"title":"I + D + i CESYT","description":"Investigamos para demostrar que los sistemas verdes, bien dise\u00f1ados y gestionados desempe\u00f1an funciones para mejorar la vida en las ciudades","robots":{"index":"index","follow":"follow","max-snippet":"max-snippet:-1","max-image-preview":"max-image-preview:large","max-video-preview":"max-video-preview:-1"},"canonical":"https:\/\/cesyt.es\/","og_locale":"es_ES","og_type":"article","og_title":"I + D + i CESYT","og_description":"Investigamos para demostrar que los sistemas verdes, bien dise\u00f1ados y gestionados desempe\u00f1an funciones para mejorar la vida en las ciudades","og_url":"https:\/\/cesyt.es\/","og_site_name":"CESYT","article_modified_time":"2021-11-15T13:08:38+00:00","og_image":[{"url":"https:\/\/cesyt.es\/wp-content\/uploads\/2021\/07\/logos-19.jpg","type":"","width":"","height":""}],"twitter_card":"summary_large_image","twitter_misc":{"Tiempo de lectura":"5 minutos"},"schema":{"@context":"https:\/\/schema.org","@graph":[{"@type":"WebPage","@id":"https:\/\/www.cesyt.es\/index.php\/i-d-i\/","url":"https:\/\/cesyt.es\/","name":"I + D + i CESYT","isPartOf":{"@id":"https:\/\/www.cesyt.es\/#website"},"primaryImageOfPage":{"@id":"https:\/\/cesyt.es\/#primaryimage"},"image":{"@id":"https:\/\/cesyt.es\/#primaryimage"},"thumbnailUrl":"https:\/\/cesyt.es\/wp-content\/uploads\/2021\/07\/logos-19.jpg","datePublished":"2021-02-21T22:49:23+00:00","dateModified":"2021-11-15T13:08:38+00:00","description":"Investigamos para demostrar que los sistemas verdes, bien dise\u00f1ados y gestionados desempe\u00f1an funciones para mejorar la vida en las ciudades","breadcrumb":{"@id":"https:\/\/cesyt.es\/#breadcrumb"},"inLanguage":"es","potentialAction":[{"@type":"ReadAction","target":["https:\/\/cesyt.es\/"]}]},{"@type":"ImageObject","inLanguage":"es","@id":"https:\/\/cesyt.es\/#primaryimage","url":"https:\/\/cesyt.es\/wp-content\/uploads\/2021\/07\/logos-19.jpg","contentUrl":"https:\/\/cesyt.es\/wp-content\/uploads\/2021\/07\/logos-19.jpg"},{"@type":"BreadcrumbList","@id":"https:\/\/cesyt.es\/#breadcrumb","itemListElement":[{"@type":"ListItem","position":1,"name":"Portada","item":"https:\/\/www.cesyt.es\/"},{"@type":"ListItem","position":2,"name":"I + D + i CESYT"}]},{"@type":"WebSite","@id":"https:\/\/www.cesyt.es\/#website","url":"https:\/\/www.cesyt.es\/","name":"CESYT - Salud Urbana","description":"Salud Urbana","publisher":{"@id":"https:\/\/www.cesyt.es\/#organization"},"potentialAction":[{"@type":"SearchAction","target":{"@type":"EntryPoint","urlTemplate":"https:\/\/www.cesyt.es\/?s={search_term_string}"},"query-input":{"@type":"PropertyValueSpecification","valueRequired":true,"valueName":"search_term_string"}}],"inLanguage":"es"},{"@type":"Organization","@id":"https:\/\/www.cesyt.es\/#organization","name":"CESYT - Salud urbana","url":"https:\/\/www.cesyt.es\/","logo":{"@type":"ImageObject","inLanguage":"es","@id":"https:\/\/www.cesyt.es\/#\/schema\/logo\/image\/","url":"https:\/\/cesyt.es\/wp-content\/uploads\/2021\/07\/Positivo-SC.png","contentUrl":"https:\/\/cesyt.es\/wp-content\/uploads\/2021\/07\/Positivo-SC.png","width":2008,"height":1654,"caption":"CESYT - Salud urbana"},"image":{"@id":"https:\/\/www.cesyt.es\/#\/schema\/logo\/image\/"}}]}},"_links":{"self":[{"href":"https:\/\/www.cesyt.es\/index.php\/wp-json\/wp\/v2\/pages\/85","targetHints":{"allow":["GET"]}}],"collection":[{"href":"https:\/\/www.cesyt.es\/index.php\/wp-json\/wp\/v2\/pages"}],"about":[{"href":"https:\/\/www.cesyt.es\/index.php\/wp-json\/wp\/v2\/types\/page"}],"author":[{"embeddable":true,"href":"https:\/\/www.cesyt.es\/index.php\/wp-json\/wp\/v2\/users\/2"}],"replies":[{"embeddable":true,"href":"https:\/\/www.cesyt.es\/index.php\/wp-json\/wp\/v2\/comments?post=85"}],"version-history":[{"count":7,"href":"https:\/\/www.cesyt.es\/index.php\/wp-json\/wp\/v2\/pages\/85\/revisions"}],"predecessor-version":[{"id":2680,"href":"https:\/\/www.cesyt.es\/index.php\/wp-json\/wp\/v2\/pages\/85\/revisions\/2680"}],"wp:attachment":[{"href":"https:\/\/www.cesyt.es\/index.php\/wp-json\/wp\/v2\/media?parent=85"}],"curies":[{"name":"wp","href":"https:\/\/api.w.org\/{rel}","templated":true}]}}