{"id":103,"date":"2021-02-21T23:34:25","date_gmt":"2021-02-21T23:34:25","guid":{"rendered":"http:\/\/rackservertlc.synology.me\/wordpress\/?page_id=103"},"modified":"2021-10-27T22:45:38","modified_gmt":"2021-10-27T20:45:38","slug":"informes-de-valoracion-del-bosque-urbano","status":"publish","type":"page","link":"https:\/\/www.cesyt.es\/index.php\/proyectos\/informes-de-valoracion-del-bosque-urbano\/","title":{"rendered":"Informes de Valoraci\u00f3n del Bosque Urbano"},"content":{"rendered":"<p>[et_pb_section fb_built=\u00bb1&#8243; fullwidth=\u00bbon\u00bb next_background_color=\u00bb#ffffff\u00bb _builder_version=\u00bb4.9.9&#8243; _module_preset=\u00bbdefault\u00bb background_image=\u00bbhttps:\/\/cesyt.es\/wp-content\/uploads\/2021\/07\/Cab-scaled.jpg\u00bb custom_padding=\u00bb||55px|||\u00bb bottom_divider_style=\u00bbslant\u00bb da_disable_devices=\u00bboff|off|off\u00bb global_module=\u00bb395&#8243; saved_tabs=\u00bball\u00bb locked=\u00bboff\u00bb global_colors_info=\u00bb{}\u00bb min_height=\u00bb170px\u00bb da_is_popup=\u00bboff\u00bb da_exit_intent=\u00bboff\u00bb da_has_close=\u00bbon\u00bb da_alt_close=\u00bboff\u00bb da_dark_close=\u00bboff\u00bb da_not_modal=\u00bbon\u00bb da_is_singular=\u00bboff\u00bb da_with_loader=\u00bboff\u00bb da_has_shadow=\u00bbon\u00bb][\/et_pb_section][et_pb_section fb_built=\u00bb1&#8243; _builder_version=\u00bb4.9.0&#8243; _module_preset=\u00bbdefault\u00bb da_disable_devices=\u00bboff|off|off\u00bb global_colors_info=\u00bb{}\u00bb da_is_popup=\u00bboff\u00bb da_exit_intent=\u00bboff\u00bb da_has_close=\u00bbon\u00bb da_alt_close=\u00bboff\u00bb da_dark_close=\u00bboff\u00bb da_not_modal=\u00bbon\u00bb da_is_singular=\u00bboff\u00bb da_with_loader=\u00bboff\u00bb da_has_shadow=\u00bbon\u00bb][et_pb_row _builder_version=\u00bb4.9.0&#8243; _module_preset=\u00bbdefault\u00bb global_colors_info=\u00bb{}\u00bb][et_pb_column type=\u00bb4_4&#8243; _builder_version=\u00bb4.9.0&#8243; _module_preset=\u00bbdefault\u00bb global_colors_info=\u00bb{}\u00bb][et_pb_text _builder_version=\u00bb4.9.0&#8243; _module_preset=\u00bbdefault\u00bb text_font=\u00bb|600|||||||\u00bb text_text_color=\u00bbrgba(255,255,255,0.84)\u00bb text_font_size=\u00bb32px\u00bb text_text_shadow_style=\u00bbpreset5&#8243; text_text_shadow_color=\u00bbrgba(0,0,0,0.31)\u00bb box_shadow_style=\u00bbpreset3&#8243; box_shadow_vertical=\u00bb13px\u00bb box_shadow_blur=\u00bb16px\u00bb box_shadow_spread=\u00bb-8px\u00bb box_shadow_color=\u00bbrgba(20,76,0,0.35)\u00bb global_colors_info=\u00bb{}\u00bb]<\/p>\n<p>PROYECTOS<\/p>\n<p>[\/et_pb_text][\/et_pb_column][\/et_pb_row][et_pb_row _builder_version=\u00bb4.9.7&#8243; _module_preset=\u00bbdefault\u00bb custom_margin=\u00bb26px|auto||auto||\u00bb custom_padding=\u00bb||11px|||\u00bb locked=\u00bboff\u00bb global_colors_info=\u00bb{}\u00bb][et_pb_column type=\u00bb4_4&#8243; _builder_version=\u00bb4.9.7&#8243; _module_preset=\u00bbdefault\u00bb global_colors_info=\u00bb{}\u00bb][et_pb_blurb title=\u00bbINFORMES DE VALORACI\u00d3N DEL BOSQUE URBANO\u00bb image=\u00bbhttp:\/\/rackservertlc.synology.me\/cesyt\/wp-content\/uploads\/2021\/06\/concepto.png\u00bb icon_placement=\u00bbleft\u00bb content_max_width=\u00bb1100px\u00bb _builder_version=\u00bb4.11.3&#8243; _module_preset=\u00bbdefault\u00bb header_font=\u00bb|700|||||||\u00bb header_font_size=\u00bb22px\u00bb header_letter_spacing=\u00bb8px\u00bb header_line_height=\u00bb1.4em\u00bb body_text_align=\u00bbjustify\u00bb body_text_color=\u00bb#757500&#8243; body_font_size=\u00bb15px\u00bb custom_margin=\u00bb||35px|||\u00bb child_filter_saturate=\u00bb23%\u00bb child_filter_sepia=\u00bb58%\u00bb locked=\u00bboff\u00bb global_colors_info=\u00bb{}\u00bb]<\/p>\n<p>Diagn\u00f3stico, valoraci\u00f3n y seguimiento de los beneficios ecosist\u00e9micos del bosque urbano para la salud. Elaboraci\u00f3n de informes de adaptaci\u00f3n del bosque urbano a los nuevos escenarios de cambio clim\u00e1tico. C\u00e1lculo de la capacidad de sumidero actual y potencial del bosque urbano. Medici\u00f3n de la contribuci\u00f3n de los espacios verdes a la salud. Implantaci\u00f3n de auditor\u00edas.<\/p>\n<p>[\/et_pb_blurb][et_pb_post_slider include_categories=\u00bb14&#8243; use_manual_excerpt=\u00bboff\u00bb excerpt_length=\u00bb0&#8243; show_meta=\u00bboff\u00bb _builder_version=\u00bb4.11.3&#8243; _module_preset=\u00bbdefault\u00bb header_font=\u00bb|700||||on|||\u00bb header_font_size=\u00bb28px\u00bb header_line_height=\u00bb1.2em\u00bb custom_button=\u00bbon\u00bb button_border_width=\u00bb0px\u00bb button_border_color=\u00bb#FFFFFF\u00bb button_font=\u00bb|600|||||||\u00bb button_alignment=\u00bbcenter\u00bb custom_margin=\u00bb6px|||||\u00bb custom_padding=\u00bb92px||92px|||\u00bb locked=\u00bboff\u00bb global_colors_info=\u00bb{}\u00bb][\/et_pb_post_slider][\/et_pb_column][\/et_pb_row][et_pb_row _builder_version=\u00bb4.9.11&#8243; _module_preset=\u00bbdefault\u00bb custom_margin=\u00bb|auto|7px|auto||\u00bb custom_padding=\u00bb||0px|||\u00bb locked=\u00bboff\u00bb global_colors_info=\u00bb{}\u00bb][et_pb_column type=\u00bb4_4&#8243; _builder_version=\u00bb4.9.11&#8243; _module_preset=\u00bbdefault\u00bb global_colors_info=\u00bb{}\u00bb][et_pb_divider color=\u00bbrgba(20,76,0,0.17)\u00bb divider_style=\u00bbridge\u00bb divider_position=\u00bbcenter\u00bb divider_weight=\u00bb5px\u00bb _builder_version=\u00bb4.9.0&#8243; _module_preset=\u00bbdefault\u00bb locked=\u00bboff\u00bb global_colors_info=\u00bb{}\u00bb][\/et_pb_divider][\/et_pb_column][\/et_pb_row][et_pb_row _builder_version=\u00bb4.9.0&#8243; _module_preset=\u00bbdefault\u00bb custom_padding=\u00bb8px||11px|||\u00bb locked=\u00bboff\u00bb global_colors_info=\u00bb{}\u00bb][et_pb_column type=\u00bb4_4&#8243; _builder_version=\u00bb4.9.0&#8243; _module_preset=\u00bbdefault\u00bb global_colors_info=\u00bb{}\u00bb][et_pb_blurb title=\u00bbOTROS PROYECTOS SIMILARES\u00bb use_icon=\u00bbon\u00bb icon_placement=\u00bbleft\u00bb content_max_width=\u00bb1100px\u00bb _builder_version=\u00bb4.9.7&#8243; _module_preset=\u00bbdefault\u00bb header_font=\u00bb|700|||||||\u00bb header_font_size=\u00bb22px\u00bb header_letter_spacing=\u00bb8px\u00bb header_line_height=\u00bb1.4em\u00bb body_text_align=\u00bbjustify\u00bb body_text_color=\u00bb#757500&#8243; body_font_size=\u00bb15px\u00bb custom_margin=\u00bb||28px|||\u00bb locked=\u00bboff\u00bb global_colors_info=\u00bb{}\u00bb][\/et_pb_blurb][et_pb_text _builder_version=\u00bb4.9.7&#8243; _module_preset=\u00bbdefault\u00bb text_font_size=\u00bb25px\u00bb global_colors_info=\u00bb{}\u00bb]2021[\/et_pb_text][et_pb_blurb title=\u00bbPlan de Vigilancia Ambiental y Asesor\u00eda Ambiental del Parque Tem\u00e1tico de Puy Du Fou \u2013 Puy Du Fou Espa\u00f1a\u00bb use_icon=\u00bbon\u00bb font_icon=\u00bb%%103%%\u00bb icon_color=\u00bb#c9c9c9&#8243; icon_placement=\u00bbleft\u00bb content_max_width=\u00bb100%\u00bb use_icon_font_size=\u00bbon\u00bb icon_font_size=\u00bb22px\u00bb _builder_version=\u00bb4.11.3&#8243; _module_preset=\u00bbdefault\u00bb header_font=\u00bb||||||||\u00bb header_text_align=\u00bbjustify\u00bb header_line_height=\u00bb1.1em\u00bb body_text_align=\u00bbjustify\u00bb body_font_size=\u00bb15px\u00bb body_line_height=\u00bb1.9em\u00bb text_orientation=\u00bbjustified\u00bb custom_margin=\u00bb||12px|||\u00bb global_colors_info=\u00bb{}\u00bb][\/et_pb_blurb][et_pb_blurb title=\u00bbEstudio para Paseo Biosaludable en el Ayuntamiento de Madrid\u00bb use_icon=\u00bbon\u00bb font_icon=\u00bb%%103%%\u00bb icon_color=\u00bb#c9c9c9&#8243; icon_placement=\u00bbleft\u00bb content_max_width=\u00bb100%\u00bb use_icon_font_size=\u00bbon\u00bb icon_font_size=\u00bb22px\u00bb _builder_version=\u00bb4.9.11&#8243; _module_preset=\u00bbdefault\u00bb header_font=\u00bb||||||||\u00bb header_text_align=\u00bbjustify\u00bb header_line_height=\u00bb1.1em\u00bb body_text_align=\u00bbjustify\u00bb body_font_size=\u00bb15px\u00bb body_line_height=\u00bb1.9em\u00bb text_orientation=\u00bbjustified\u00bb global_colors_info=\u00bb{}\u00bb][\/et_pb_blurb][\/et_pb_column][\/et_pb_row][et_pb_row _builder_version=\u00bb4.9.0&#8243; _module_preset=\u00bbdefault\u00bb custom_padding=\u00bb60px|||||\u00bb global_module=\u00bb542&#8243; global_colors_info=\u00bb{}\u00bb][et_pb_column type=\u00bb4_4&#8243; _builder_version=\u00bb4.9.0&#8243; _module_preset=\u00bbdefault\u00bb global_colors_info=\u00bb{}\u00bb][et_pb_text _builder_version=\u00bb4.9.0&#8243; _module_preset=\u00bbdefault\u00bb text_font=\u00bb|600||on|||||\u00bb text_text_color=\u00bb#144C00&#8243; text_font_size=\u00bb30px\u00bb text_line_height=\u00bb1.9em\u00bb text_orientation=\u00bbcenter\u00bb text_text_shadow_style=\u00bbpreset1&#8243; global_colors_info=\u00bb{}\u00bb]<\/p>\n<p>Y toda Asistencia t\u00e9cnica necesaria para el desarrollo, el fomento y la consolidaci\u00f3n del verde urbano en las ciudades<\/p>\n<p>[\/et_pb_text][\/et_pb_column][\/et_pb_row][\/et_pb_section]<\/p>\n","protected":false},"excerpt":{"rendered":"<p>PROYECTOSDiagn\u00f3stico, valoraci\u00f3n y seguimiento de los beneficios ecosist\u00e9micos del bosque urbano para la salud. Elaboraci\u00f3n de informes de adaptaci\u00f3n del bosque urbano a los nuevos escenarios de cambio clim\u00e1tico. C\u00e1lculo de la capacidad de sumidero actual y potencial del bosque urbano. Medici\u00f3n de la contribuci\u00f3n de los espacios verdes a la salud. Implantaci\u00f3n de auditor\u00edas.2021Y [&hellip;]<\/p>\n","protected":false},"author":2,"featured_media":0,"parent":309,"menu_order":6,"comment_status":"closed","ping_status":"closed","template":"","meta":{"_et_pb_use_builder":"on","_et_pb_old_content":"","_et_gb_content_width":"","footnotes":""},"class_list":["post-103","page","type-page","status-publish","hentry"],"yoast_head":"<!-- This site is optimized with the Yoast SEO plugin v27.1.1 - https:\/\/yoast.com\/product\/yoast-seo-wordpress\/ -->\n<title>Informes de Valoraci\u00f3n del Bosque Urbano CESYT<\/title>\n<meta name=\"description\" content=\"Informes de Valoraci\u00f3n del Bosque Urbano -\" \/>\n<meta name=\"robots\" content=\"index, follow, max-snippet:-1, max-image-preview:large, max-video-preview:-1\" \/>\n<link rel=\"canonical\" href=\"https:\/\/www.cesyt.es\/index.php\/proyectos\/informes-de-valoracion-del-bosque-urbano\/\" \/>\n<meta property=\"og:locale\" content=\"es_ES\" \/>\n<meta property=\"og:type\" content=\"article\" \/>\n<meta property=\"og:title\" content=\"Informes de Valoraci\u00f3n del Bosque Urbano CESYT\" \/>\n<meta property=\"og:description\" content=\"Informes de Valoraci\u00f3n del Bosque Urbano -\" \/>\n<meta property=\"og:url\" content=\"https:\/\/www.cesyt.es\/index.php\/proyectos\/informes-de-valoracion-del-bosque-urbano\/\" \/>\n<meta property=\"og:site_name\" content=\"CESYT\" \/>\n<meta property=\"article:modified_time\" content=\"2021-10-27T20:45:38+00:00\" \/>\n<meta name=\"twitter:card\" content=\"summary_large_image\" \/>\n<meta name=\"twitter:label1\" content=\"Tiempo de lectura\" \/>\n\t<meta name=\"twitter:data1\" content=\"5 minutos\" \/>\n<script type=\"application\/ld+json\" class=\"yoast-schema-graph\">{\"@context\":\"https:\/\/schema.org\",\"@graph\":[{\"@type\":\"WebPage\",\"@id\":\"https:\/\/www.cesyt.es\/index.php\/proyectos\/informes-de-valoracion-del-bosque-urbano\/\",\"url\":\"https:\/\/www.cesyt.es\/index.php\/proyectos\/informes-de-valoracion-del-bosque-urbano\/\",\"name\":\"Informes de Valoraci\u00f3n del Bosque Urbano CESYT\",\"isPartOf\":{\"@id\":\"https:\/\/www.cesyt.es\/#website\"},\"datePublished\":\"2021-02-21T23:34:25+00:00\",\"dateModified\":\"2021-10-27T20:45:38+00:00\",\"description\":\"Informes de Valoraci\u00f3n del Bosque Urbano -\",\"breadcrumb\":{\"@id\":\"https:\/\/www.cesyt.es\/index.php\/proyectos\/informes-de-valoracion-del-bosque-urbano\/#breadcrumb\"},\"inLanguage\":\"es\",\"potentialAction\":[{\"@type\":\"ReadAction\",\"target\":[\"https:\/\/www.cesyt.es\/index.php\/proyectos\/informes-de-valoracion-del-bosque-urbano\/\"]}]},{\"@type\":\"BreadcrumbList\",\"@id\":\"https:\/\/www.cesyt.es\/index.php\/proyectos\/informes-de-valoracion-del-bosque-urbano\/#breadcrumb\",\"itemListElement\":[{\"@type\":\"ListItem\",\"position\":1,\"name\":\"Portada\",\"item\":\"https:\/\/www.cesyt.es\/\"},{\"@type\":\"ListItem\",\"position\":2,\"name\":\"PROYECTOS\",\"item\":\"https:\/\/www.cesyt.es\/index.php\/proyectos\/\"},{\"@type\":\"ListItem\",\"position\":3,\"name\":\"Informes de Valoraci\u00f3n del Bosque Urbano\"}]},{\"@type\":\"WebSite\",\"@id\":\"https:\/\/www.cesyt.es\/#website\",\"url\":\"https:\/\/www.cesyt.es\/\",\"name\":\"CESYT - Salud Urbana\",\"description\":\"Salud Urbana\",\"publisher\":{\"@id\":\"https:\/\/www.cesyt.es\/#organization\"},\"potentialAction\":[{\"@type\":\"SearchAction\",\"target\":{\"@type\":\"EntryPoint\",\"urlTemplate\":\"https:\/\/www.cesyt.es\/?s={search_term_string}\"},\"query-input\":{\"@type\":\"PropertyValueSpecification\",\"valueRequired\":true,\"valueName\":\"search_term_string\"}}],\"inLanguage\":\"es\"},{\"@type\":\"Organization\",\"@id\":\"https:\/\/www.cesyt.es\/#organization\",\"name\":\"CESYT - Salud urbana\",\"url\":\"https:\/\/www.cesyt.es\/\",\"logo\":{\"@type\":\"ImageObject\",\"inLanguage\":\"es\",\"@id\":\"https:\/\/www.cesyt.es\/#\/schema\/logo\/image\/\",\"url\":\"https:\/\/cesyt.es\/wp-content\/uploads\/2021\/07\/Positivo-SC.png\",\"contentUrl\":\"https:\/\/cesyt.es\/wp-content\/uploads\/2021\/07\/Positivo-SC.png\",\"width\":2008,\"height\":1654,\"caption\":\"CESYT - Salud urbana\"},\"image\":{\"@id\":\"https:\/\/www.cesyt.es\/#\/schema\/logo\/image\/\"}}]}<\/script>\n<!-- \/ Yoast SEO plugin. -->","yoast_head_json":{"title":"Informes de Valoraci\u00f3n del Bosque Urbano CESYT","description":"Informes de Valoraci\u00f3n del Bosque Urbano -","robots":{"index":"index","follow":"follow","max-snippet":"max-snippet:-1","max-image-preview":"max-image-preview:large","max-video-preview":"max-video-preview:-1"},"canonical":"https:\/\/www.cesyt.es\/index.php\/proyectos\/informes-de-valoracion-del-bosque-urbano\/","og_locale":"es_ES","og_type":"article","og_title":"Informes de Valoraci\u00f3n del Bosque Urbano CESYT","og_description":"Informes de Valoraci\u00f3n del Bosque Urbano -","og_url":"https:\/\/www.cesyt.es\/index.php\/proyectos\/informes-de-valoracion-del-bosque-urbano\/","og_site_name":"CESYT","article_modified_time":"2021-10-27T20:45:38+00:00","twitter_card":"summary_large_image","twitter_misc":{"Tiempo de lectura":"5 minutos"},"schema":{"@context":"https:\/\/schema.org","@graph":[{"@type":"WebPage","@id":"https:\/\/www.cesyt.es\/index.php\/proyectos\/informes-de-valoracion-del-bosque-urbano\/","url":"https:\/\/www.cesyt.es\/index.php\/proyectos\/informes-de-valoracion-del-bosque-urbano\/","name":"Informes de Valoraci\u00f3n del Bosque Urbano CESYT","isPartOf":{"@id":"https:\/\/www.cesyt.es\/#website"},"datePublished":"2021-02-21T23:34:25+00:00","dateModified":"2021-10-27T20:45:38+00:00","description":"Informes de Valoraci\u00f3n del Bosque Urbano -","breadcrumb":{"@id":"https:\/\/www.cesyt.es\/index.php\/proyectos\/informes-de-valoracion-del-bosque-urbano\/#breadcrumb"},"inLanguage":"es","potentialAction":[{"@type":"ReadAction","target":["https:\/\/www.cesyt.es\/index.php\/proyectos\/informes-de-valoracion-del-bosque-urbano\/"]}]},{"@type":"BreadcrumbList","@id":"https:\/\/www.cesyt.es\/index.php\/proyectos\/informes-de-valoracion-del-bosque-urbano\/#breadcrumb","itemListElement":[{"@type":"ListItem","position":1,"name":"Portada","item":"https:\/\/www.cesyt.es\/"},{"@type":"ListItem","position":2,"name":"PROYECTOS","item":"https:\/\/www.cesyt.es\/index.php\/proyectos\/"},{"@type":"ListItem","position":3,"name":"Informes de Valoraci\u00f3n del Bosque Urbano"}]},{"@type":"WebSite","@id":"https:\/\/www.cesyt.es\/#website","url":"https:\/\/www.cesyt.es\/","name":"CESYT - Salud Urbana","description":"Salud Urbana","publisher":{"@id":"https:\/\/www.cesyt.es\/#organization"},"potentialAction":[{"@type":"SearchAction","target":{"@type":"EntryPoint","urlTemplate":"https:\/\/www.cesyt.es\/?s={search_term_string}"},"query-input":{"@type":"PropertyValueSpecification","valueRequired":true,"valueName":"search_term_string"}}],"inLanguage":"es"},{"@type":"Organization","@id":"https:\/\/www.cesyt.es\/#organization","name":"CESYT - Salud urbana","url":"https:\/\/www.cesyt.es\/","logo":{"@type":"ImageObject","inLanguage":"es","@id":"https:\/\/www.cesyt.es\/#\/schema\/logo\/image\/","url":"https:\/\/cesyt.es\/wp-content\/uploads\/2021\/07\/Positivo-SC.png","contentUrl":"https:\/\/cesyt.es\/wp-content\/uploads\/2021\/07\/Positivo-SC.png","width":2008,"height":1654,"caption":"CESYT - Salud urbana"},"image":{"@id":"https:\/\/www.cesyt.es\/#\/schema\/logo\/image\/"}}]}},"_links":{"self":[{"href":"https:\/\/www.cesyt.es\/index.php\/wp-json\/wp\/v2\/pages\/103","targetHints":{"allow":["GET"]}}],"collection":[{"href":"https:\/\/www.cesyt.es\/index.php\/wp-json\/wp\/v2\/pages"}],"about":[{"href":"https:\/\/www.cesyt.es\/index.php\/wp-json\/wp\/v2\/types\/page"}],"author":[{"embeddable":true,"href":"https:\/\/www.cesyt.es\/index.php\/wp-json\/wp\/v2\/users\/2"}],"replies":[{"embeddable":true,"href":"https:\/\/www.cesyt.es\/index.php\/wp-json\/wp\/v2\/comments?post=103"}],"version-history":[{"count":11,"href":"https:\/\/www.cesyt.es\/index.php\/wp-json\/wp\/v2\/pages\/103\/revisions"}],"predecessor-version":[{"id":2628,"href":"https:\/\/www.cesyt.es\/index.php\/wp-json\/wp\/v2\/pages\/103\/revisions\/2628"}],"up":[{"embeddable":true,"href":"https:\/\/www.cesyt.es\/index.php\/wp-json\/wp\/v2\/pages\/309"}],"wp:attachment":[{"href":"https:\/\/www.cesyt.es\/index.php\/wp-json\/wp\/v2\/media?parent=103"}],"curies":[{"name":"wp","href":"https:\/\/api.w.org\/{rel}","templated":true}]}}